{"id":2,"date":"2022-05-03T13:47:17","date_gmt":"2022-05-03T11:47:17","guid":{"rendered":"https:\/\/wpmultisite.walthertreyz.com\/kohlheppundtreyz\/?page_id=2"},"modified":"2022-10-01T11:15:38","modified_gmt":"2022-10-01T09:15:38","slug":"startseite","status":"publish","type":"page","link":"https:\/\/kohlheppundtreyz.de\/de\/","title":{"rendered":"Startseite"},"content":{"rendered":"<p><div class=\"fusion-fullwidth fullwidth-box fusion-builder-row-1 fusion-flex-container fusion-parallax-none nonhundred-percent-fullwidth non-hundred-percent-height-scrolling\" style=\"--awb-border-radius-top-left:0px;--awb-border-radius-top-right:0px;--awb-border-radius-bottom-right:0px;--awb-border-radius-bottom-left:0px;--awb-padding-top:50px;--awb-padding-right:20px;--awb-padding-bottom:50px;--awb-padding-left:20px;--awb-background-color:#141617;--awb-background-image:radial-gradient(circle at center center, rgba(89,147,255,0.9) 35%,rgba(20,22,23,0.9) 100%),url(https:\/\/kohlheppundtreyz.de\/wp-content\/uploads\/sites\/13\/2022\/05\/Kokolores_background-1.jpg);;--awb-background-size:cover;--awb-flex-wrap:wrap;\" ><div class=\"fusion-builder-row fusion-row fusion-flex-align-items-center fusion-flex-justify-content-center fusion-flex-content-wrap\" style=\"max-width:1144px;margin-left: calc(-4% \/ 2 );margin-right: calc(-4% \/ 2 );\"><div class=\"fusion-layout-column fusion_builder_column fusion-builder-column-0 fusion-flex-column\" style=\"--awb-bg-size:cover;--awb-width-large:90%;--awb-margin-top-large:0px;--awb-spacing-right-large:2.1333333333333%;--awb-margin-bottom-large:20px;--awb-spacing-left-large:2.1333333333333%;--awb-width-medium:90%;--awb-order-medium:0;--awb-spacing-right-medium:2.1333333333333%;--awb-spacing-left-medium:2.1333333333333%;--awb-width-small:100%;--awb-order-small:0;--awb-spacing-right-small:1.92%;--awb-spacing-left-small:1.92%;\"><div class=\"fusion-column-wrapper fusion-column-has-shadow fusion-flex-justify-content-flex-start fusion-content-layout-column\">\n<div class=\"fusion-slider-revolution rev_slider_wrapper\">\t\t\t<!-- START youtube_slider REVOLUTION SLIDER 6.5.31 --><p class=\"rs-p-wp-fix\"><\/p>\n\t\t\t<rs-module-wrap id=\"rev_slider_7_1_wrapper\" data-source=\"gallery\" style=\"visibility:hidden;background:transparent;padding:0px;margin:0px auto;margin-top:0;margin-bottom:0;\">\n\t\t\t\t<rs-module id=\"rev_slider_7_1\" style=\"\" data-version=\"6.5.31\">\n\t\t\t\t\t<rs-slides>\n\t\t\t\t\t\t<rs-slide style=\"position: absolute;\" data-key=\"rs-38\" data-title=\"Der Luftballon\" data-anim=\"adpr:false;\" data-in=\"o:0;\" data-out=\"a:false;\">\n\t\t\t\t\t\t\t<img decoding=\"async\" src=\"\/\/kohlheppundtreyz.de\/wp-content\/plugins\/revslider\/public\/assets\/assets\/dummy.png\" alt=\"Der Luftballon\" title=\"Startseite\" class=\"rev-slidebg tp-rs-img rs-lazyload\" data-lazyload=\"\/\/kohlheppundtreyz.de\/wp-content\/plugins\/revslider\/public\/assets\/assets\/transparent.png\" data-no-retina>\n<!--\n\t\t\t\t\t\t\t--><rs-layer\n\t\t\t\t\t\t\t\tid=\"slider-7-slide-38-layer-2\" \n\t\t\t\t\t\t\t\tclass=\"intrinsic-ignore\"\n\t\t\t\t\t\t\t\tdata-type=\"text\"\n\t\t\t\t\t\t\t\tdata-xy=\"x:c;\"\n\t\t\t\t\t\t\t\tdata-text=\"w:normal;\"\n\t\t\t\t\t\t\t\tdata-dim=\"w:100%;\"\n\t\t\t\t\t\t\t\tdata-rsp_o=\"off\"\n\t\t\t\t\t\t\t\tdata-rsp_bd=\"off\"\n\t\t\t\t\t\t\t\tdata-frame_999=\"o:0;st:w;\"\n\t\t\t\t\t\t\t\tstyle=\"z-index:6;font-family:'Roboto';\"\n\t\t\t\t\t\t\t><iframe width=\"985.333\" height=\"555.333\"  src=\"https:\/\/www.youtube-nocookie.com\/embed\/c1HwfTdI93Y?rel=0&modestbranding=1\" title=\"YouTube video player\" frameborder=\"0\" allow=\"accelerometer; autoplay; clipboard-write; encrypted-media; gyroscope; picture-in-picture\" allowfullscreen><\/iframe> \n\t\t\t\t\t\t\t<\/rs-layer><!--\n-->\t\t\t\t\t\t<\/rs-slide>\n\t\t\t\t\t\t<rs-slide style=\"position: absolute;\" data-key=\"rs-40\" data-title=\"Wenn  Schnecken Urlaub machen\" data-anim=\"adpr:false;\" data-in=\"o:0;\" data-out=\"a:false;\">\n\t\t\t\t\t\t\t<img decoding=\"async\" src=\"\/\/kohlheppundtreyz.de\/wp-content\/plugins\/revslider\/public\/assets\/assets\/dummy.png\" alt=\"Wenn  Schnecken Urlaub machen\" title=\"Startseite\" class=\"rev-slidebg tp-rs-img rs-lazyload\" data-lazyload=\"\/\/kohlheppundtreyz.de\/wp-content\/plugins\/revslider\/public\/assets\/assets\/transparent.png\" data-no-retina>\n<!--\n\t\t\t\t\t\t\t--><rs-layer\n\t\t\t\t\t\t\t\tid=\"slider-7-slide-40-layer-2\" \n\t\t\t\t\t\t\t\tclass=\"intrinsic-ignore\"\n\t\t\t\t\t\t\t\tdata-type=\"text\"\n\t\t\t\t\t\t\t\tdata-xy=\"x:c;\"\n\t\t\t\t\t\t\t\tdata-text=\"w:normal;\"\n\t\t\t\t\t\t\t\tdata-dim=\"w:100%;\"\n\t\t\t\t\t\t\t\tdata-rsp_o=\"off\"\n\t\t\t\t\t\t\t\tdata-rsp_bd=\"off\"\n\t\t\t\t\t\t\t\tdata-frame_999=\"o:0;st:w;\"\n\t\t\t\t\t\t\t\tstyle=\"z-index:6;font-family:'Roboto';\"\n\t\t\t\t\t\t\t><iframe width=\"985.333\" height=\"555.333\" src=\"https:\/\/www.youtube-nocookie.com\/embed\/iHN83uP-E44?rel=0&modestbranding=1\" title=\"YouTube video player\" frameborder=\"0\" allow=\"accelerometer; autoplay; clipboard-write; encrypted-media; gyroscope; picture-in-picture\" allowfullscreen><\/iframe> \n\t\t\t\t\t\t\t<\/rs-layer><!--\n-->\t\t\t\t\t\t<\/rs-slide>\n\t\t\t\t\t\t<rs-slide style=\"position: absolute;\" data-key=\"rs-37\" data-title=\"Im gro\u00dfen blauen Meer\" data-anim=\"adpr:false;\" data-in=\"o:0;\" data-out=\"a:false;\">\n\t\t\t\t\t\t\t<img decoding=\"async\" src=\"\/\/kohlheppundtreyz.de\/wp-content\/plugins\/revslider\/public\/assets\/assets\/dummy.png\" alt=\"Im gro\u00dfen blauen Meer\" title=\"Startseite\" class=\"rev-slidebg tp-rs-img rs-lazyload\" data-lazyload=\"\/\/kohlheppundtreyz.de\/wp-content\/plugins\/revslider\/public\/assets\/assets\/transparent.png\" data-no-retina>\n<!--\n\t\t\t\t\t\t\t--><rs-layer\n\t\t\t\t\t\t\t\tid=\"slider-7-slide-37-layer-2\" \n\t\t\t\t\t\t\t\tclass=\"intrinsic-ignore\"\n\t\t\t\t\t\t\t\tdata-type=\"text\"\n\t\t\t\t\t\t\t\tdata-xy=\"x:c;\"\n\t\t\t\t\t\t\t\tdata-text=\"w:normal;\"\n\t\t\t\t\t\t\t\tdata-dim=\"w:100%;\"\n\t\t\t\t\t\t\t\tdata-rsp_o=\"off\"\n\t\t\t\t\t\t\t\tdata-rsp_bd=\"off\"\n\t\t\t\t\t\t\t\tdata-frame_999=\"o:0;st:w;\"\n\t\t\t\t\t\t\t\tstyle=\"z-index:6;font-family:'Roboto';\"\n\t\t\t\t\t\t\t><iframe width=\"985.333\" height=\"555.333\"  src=\"https:\/\/www.youtube-nocookie.com\/embed\/2e7-VH86KZ4?rel=0&modestbranding=1\" title=\"YouTube video player\" frameborder=\"0\" allow=\"accelerometer; autoplay; clipboard-write; encrypted-media; gyroscope; picture-in-picture\" allowfullscreen><\/iframe> \n\t\t\t\t\t\t\t<\/rs-layer><!--\n-->\t\t\t\t\t\t<\/rs-slide>\n\t\t\t\t\t<\/rs-slides>\n\t\t\t\t<\/rs-module>\n\t\t\t\t<script>\n\t\t\t\t\tsetREVStartSize({c: 'rev_slider_7_1',rl:[1240,1024,778,480],el:[780,768,960,720],gw:[1240,1024,778,480],gh:[780,650,520,350],type:'standard',justify:'',layout:'fullwidth',mh:\"0\"});if (window.RS_MODULES!==undefined && window.RS_MODULES.modules!==undefined && window.RS_MODULES.modules[\"revslider71\"]!==undefined) {window.RS_MODULES.modules[\"revslider71\"].once = false;window.revapi7 = undefined;if (window.RS_MODULES.checkMinimal!==undefined) window.RS_MODULES.checkMinimal()}\n\t\t\t\t<\/script>\n\t\t\t<\/rs-module-wrap>\n\t\t\t<!-- END REVOLUTION SLIDER -->\n<\/div><\/div><\/div><\/div><\/div><div class=\"fusion-fullwidth fullwidth-box fusion-builder-row-2 fusion-flex-container fusion-parallax-fixed nonhundred-percent-fullwidth non-hundred-percent-height-scrolling\" style=\"--awb-background-position:center top;--awb-border-radius-top-left:0px;--awb-border-radius-top-right:0px;--awb-border-radius-bottom-right:0px;--awb-border-radius-bottom-left:0px;--awb-padding-top:50px;--awb-padding-bottom:50px;--awb-background-image:radial-gradient(circle at center center, rgba(255,255,255,0.95) 32%,rgba(233,102,110,0.54) 100%),url(https:\/\/kohlheppundtreyz.de\/wp-content\/uploads\/sites\/13\/2022\/05\/Kokolores_background-1.jpg);;--awb-background-size:cover;--awb-flex-wrap:wrap;background-attachment:fixed;\" ><div class=\"fusion-builder-row fusion-row fusion-flex-align-items-flex-start fusion-flex-content-wrap\" style=\"max-width:1144px;margin-left: calc(-4% \/ 2 );margin-right: calc(-4% \/ 2 );\"><div class=\"fusion-layout-column fusion_builder_column fusion-builder-column-1 fusion_builder_column_1_1 1_1 fusion-flex-column\" style=\"--awb-bg-blend:overlay;--awb-bg-size:cover;--awb-width-large:100%;--awb-margin-top-large:0px;--awb-spacing-right-large:1.92%;--awb-margin-bottom-large:0px;--awb-spacing-left-large:1.92%;--awb-width-medium:100%;--awb-spacing-right-medium:1.92%;--awb-spacing-left-medium:1.92%;--awb-width-small:100%;--awb-spacing-right-small:1.92%;--awb-spacing-left-small:1.92%;\"><div class=\"fusion-column-wrapper fusion-flex-justify-content-flex-start fusion-content-layout-column\"><div class=\"fusion-title title fusion-title-1 fusion-sep-none fusion-title-text fusion-title-size-one\" style=\"--awb-margin-top-small:10px;--awb-margin-right-small:0px;--awb-margin-bottom-small:10px;--awb-margin-left-small:0px;\"><h1 class=\"fusion-title-heading title-heading-left fusion-responsive-typography-calculated\" style=\"margin:0;--fontSize:40;line-height:var(--awb-typography1-line-height);\"><h2 style=\"text-align: center;\"><b class=\"\">Herzlich Willkommen!<\/b><\/h2><\/h1><\/div><div class=\"fusion-text fusion-text-1\"><div class=\"\" style=\"text-align: center;\">\n<p>Bernd Kohlhepp und J\u00fcrgen Treyz sorgen f\u00fcr Schwung und Musik in den Kinderzimmern!\u00a0Seit vielen Jahren denken sich die beiden Lieder und Geschichten f\u00fcr Kinder aus.\u00a0Und nun\u00a0 gibt es endlich Nachschub!<\/p>\n<p><strong>KOKOLORES &#8211; Kinder-, K\u00fcchen-, Kicherlieder<\/strong><\/p>\n<p>Dieses durch viele Freunde und Fans auf &#8222;Startnext&#8220; gef\u00f6rderte Kinderlieder-Projekt\u00a0ist nun verf\u00fcgbar! 12 niegelnagelneue Lieder, sowie viele kleine Gedichte\u00a0wenden sich nicht nur an Kinder ab vier Jahren, sondern auch an \u00e4ltere Geschwistern und Erwachsene. Und wir freuen uns ganz besonders, dass auch unsere Ritterlieder-Produktion <strong>Artur K\u00f6nigs Tafelrunde<\/strong>\u00a0sowie unsere Lieblingslieder-Sammlung <strong>Im gro\u00dfen, blauen Meer<\/strong> wieder zu haben sind.\u00a0Als CD, als Download, aber\u00a0auch bei allen gro\u00dfen Download- und Streaming-Diensten wie\u00a0Apple-Music, Amazon-Music und Spotify!<\/p>\n<\/div>\n<\/div><\/div><\/div><\/div><\/div><div class=\"fusion-fullwidth fullwidth-box fusion-builder-row-3 fusion-flex-container nonhundred-percent-fullwidth non-hundred-percent-height-scrolling\" style=\"--awb-border-radius-top-left:0px;--awb-border-radius-top-right:0px;--awb-border-radius-bottom-right:0px;--awb-border-radius-bottom-left:0px;--awb-padding-top:50px;--awb-padding-bottom:50px;--awb-background-image:radial-gradient(circle at center center, var(--awb-color5) 6%,var(--awb-color8) 63%);--awb-flex-wrap:wrap;\" ><div class=\"fusion-builder-row fusion-row fusion-flex-align-items-flex-start fusion-flex-content-wrap\" style=\"max-width:1144px;margin-left: calc(-4% \/ 2 );margin-right: calc(-4% \/ 2 );\"><div class=\"fusion-layout-column fusion_builder_column fusion-builder-column-2 fusion_builder_column_1_1 1_1 fusion-flex-column\" style=\"--awb-bg-size:cover;--awb-width-large:100%;--awb-margin-top-large:0px;--awb-spacing-right-large:1.92%;--awb-margin-bottom-large:20px;--awb-spacing-left-large:1.92%;--awb-width-medium:100%;--awb-order-medium:0;--awb-spacing-right-medium:1.92%;--awb-spacing-left-medium:1.92%;--awb-width-small:100%;--awb-order-small:0;--awb-spacing-right-small:1.92%;--awb-spacing-left-small:1.92%;\"><div class=\"fusion-column-wrapper fusion-column-has-shadow fusion-flex-justify-content-flex-start fusion-content-layout-column\">\n<div class=\"fusion-slider-revolution rev_slider_wrapper\">\t\t\t<!-- START Home_silde REVOLUTION SLIDER 6.5.31 --><p class=\"rs-p-wp-fix\"><\/p>\n\t\t\t<rs-module-wrap id=\"rev_slider_1_2_wrapper\" data-source=\"gallery\" style=\"visibility:hidden;background:transparent;padding:0;margin:0px auto;margin-top:0;margin-bottom:0;\">\n\t\t\t\t<rs-module id=\"rev_slider_1_2\" style=\"\" data-version=\"6.5.31\">\n\t\t\t\t\t<rs-slides>\n\t\t\t\t\t\t<rs-slide style=\"position: absolute;\" data-key=\"rs-8\" data-title=\"atkt\" data-anim=\"adpr:false;\" data-in=\"o:0;\" data-out=\"a:false;\">\n\t\t\t\t\t\t\t<img decoding=\"async\" src=\"\/\/kohlheppundtreyz.de\/wp-content\/plugins\/revslider\/public\/assets\/assets\/dummy.png\" alt=\"atkt\" title=\"Startseite\" class=\"rev-slidebg tp-rs-img rs-lazyload\" data-lazyload=\"\/\/kohlheppundtreyz.de\/wp-content\/plugins\/revslider\/public\/assets\/assets\/transparent.png\" data-bg=\"c:#000000;\" data-no-retina>\n<!--\n\t\t\t\t\t\t\t--><rs-layer\n\t\t\t\t\t\t\t\tid=\"slider-1-slide-8-layer-0\" \n\t\t\t\t\t\t\t\tdata-type=\"image\"\n\t\t\t\t\t\t\t\tdata-rsp_ch=\"on\"\n\t\t\t\t\t\t\t\tdata-xy=\"x:c;\"\n\t\t\t\t\t\t\t\tdata-text=\"w:normal;s:20,20,14,14;l:0,0,17,17;\"\n\t\t\t\t\t\t\t\tdata-dim=\"w:['100%','100%','100%','100%'];\"\n\t\t\t\t\t\t\t\tdata-frame_999=\"o:0;st:w;\"\n\t\t\t\t\t\t\t\tstyle=\"z-index:8;\"\n\t\t\t\t\t\t\t><img decoding=\"async\" src=\"\/\/kohlheppundtreyz.de\/wp-content\/plugins\/revslider\/public\/assets\/assets\/dummy.png\" alt=\"\" class=\"tp-rs-img rs-lazyload\" width=\"400\" height=\"400\" data-lazyload=\"\/\/kohlheppundtreyz.de\/wp-content\/uploads\/sites\/13\/2022\/05\/Cover_AKT_final_400.jpg\" data-no-retina> \n\t\t\t\t\t\t\t<\/rs-layer><!--\n\n\t\t\t\t\t\t\t--><rs-layer\n\t\t\t\t\t\t\t\tid=\"slider-1-slide-8-layer-1\" \n\t\t\t\t\t\t\t\tdata-type=\"text\"\n\t\t\t\t\t\t\t\tdata-color=\"#e9666e\"\n\t\t\t\t\t\t\t\tdata-rsp_ch=\"on\"\n\t\t\t\t\t\t\t\tdata-xy=\"x:c;y:b;yo:175px,175px,122px,125px;\"\n\t\t\t\t\t\t\t\tdata-text=\"w:normal;s:26,26,18,16;l:25,25,17,17;a:center;\"\n\t\t\t\t\t\t\t\tdata-dim=\"w:90%,90%,90%,auto;\"\n\t\t\t\t\t\t\t\tdata-frame_999=\"o:0;st:w;\"\n\t\t\t\t\t\t\t\tstyle=\"z-index:10;font-family:'Delius';\"\n\t\t\t\t\t\t\t>Arthur K\u00f6nigs Tafelrunde \n\t\t\t\t\t\t\t<\/rs-layer><!--\n\n\t\t\t\t\t\t\t--><rs-layer\n\t\t\t\t\t\t\t\tid=\"slider-1-slide-8-layer-2\" \n\t\t\t\t\t\t\t\tdata-type=\"text\"\n\t\t\t\t\t\t\t\tdata-rsp_ch=\"on\"\n\t\t\t\t\t\t\t\tdata-xy=\"x:c;y:b;yo:28px,28px,19px,22px;\"\n\t\t\t\t\t\t\t\tdata-text=\"w:normal;s:14,14,9,10;l:22,22,15,15;a:center;\"\n\t\t\t\t\t\t\t\tdata-dim=\"w:300px,300px,210px,90%;h:140px,140px,98px,98px;\"\n\t\t\t\t\t\t\t\tdata-frame_999=\"o:0;st:w;\"\n\t\t\t\t\t\t\t\tstyle=\"z-index:11;font-family:'Delius';\"\n\t\t\t\t\t\t\t>\u201eRitter sein\u201c, das ist der gro\u00dfe Wunsch der Prinzessin, also legt sie ihre Stickarbeiten beiseite, entwischt aus ihrer Kammer und nimmt am gro\u00dfen Turnier teil. Aber der gro\u00dfe Preis f\u00fcr den Sieger ist die Hochzeit mit der Prinzessin\u2026 \n\t\t\t\t\t\t\t<\/rs-layer><!--\n\n\t\t\t\t\t\t\t--><a id=\"slider-1-slide-8-layer-5\" class=\"rs-layer rev-btn\" href=\"https:\/\/shop.walthertreyz.com\/produkt\/bernd-kohlhepp-juergen-treyz-arthur-koenigs-tafelrunde\/?origin=kohlhepptreyz\" target=\"_self\" data-type=\"button\" data-rsp_ch=\"on\" data-xy=\"x:c;xo:-2px,-2px,-1px,-1px;y:b;yo:15px,15px,10px,10px;\" data-text=\"w:normal;s:12,12,8,8;l:20,20,14,14;\" data-dim=\"minh:0px,0px,none,none;\" data-padding=\"r:25,25,18,18;l:25,25,18,18;\" data-border=\"bor:25px,25px,25px,25px;\" data-frame_999=\"o:0;st:w;\" data-frame_hover=\"bgc:#5993ff;bor:25px,25px,25px,25px;bri:120%;\" style=\"z-index:13;background-color:#e9666e;font-family:&#039;Delius&#039;;\" rel=\"noopener\">mehr dazu... \n\t\t\t\t\t\t\t<\/a><!--\n-->\t\t\t\t\t\t<\/rs-slide>\n\t\t\t\t\t\t<rs-slide style=\"position: absolute;\" data-key=\"rs-16\" data-title=\"atkt\" data-anim=\"adpr:false;\" data-in=\"o:0;\" data-out=\"a:false;\">\n\t\t\t\t\t\t\t<img decoding=\"async\" src=\"\/\/kohlheppundtreyz.de\/wp-content\/plugins\/revslider\/public\/assets\/assets\/dummy.png\" alt=\"atkt\" title=\"Startseite\" class=\"rev-slidebg tp-rs-img rs-lazyload\" data-lazyload=\"\/\/kohlheppundtreyz.de\/wp-content\/plugins\/revslider\/public\/assets\/assets\/transparent.png\" data-bg=\"c:#000000;\" data-no-retina>\n<!--\n\t\t\t\t\t\t\t--><rs-layer\n\t\t\t\t\t\t\t\tid=\"slider-1-slide-16-layer-0\" \n\t\t\t\t\t\t\t\tdata-type=\"image\"\n\t\t\t\t\t\t\t\tdata-rsp_ch=\"on\"\n\t\t\t\t\t\t\t\tdata-xy=\"x:c;\"\n\t\t\t\t\t\t\t\tdata-text=\"w:normal;s:20,20,14,14;l:0,0,17,17;\"\n\t\t\t\t\t\t\t\tdata-dim=\"w:['100%','100%','100%','100%'];\"\n\t\t\t\t\t\t\t\tdata-frame_999=\"o:0;st:w;\"\n\t\t\t\t\t\t\t\tstyle=\"z-index:8;\"\n\t\t\t\t\t\t\t><img decoding=\"async\" src=\"\/\/kohlheppundtreyz.de\/wp-content\/plugins\/revslider\/public\/assets\/assets\/dummy.png\" alt=\"\" class=\"tp-rs-img rs-lazyload\" width=\"400\" height=\"400\" data-lazyload=\"\/\/kohlheppundtreyz.de\/wp-content\/uploads\/sites\/13\/2022\/05\/Cover_Kokolores_400x400.jpg\" data-no-retina> \n\t\t\t\t\t\t\t<\/rs-layer><!--\n\n\t\t\t\t\t\t\t--><rs-layer\n\t\t\t\t\t\t\t\tid=\"slider-1-slide-16-layer-1\" \n\t\t\t\t\t\t\t\tdata-type=\"text\"\n\t\t\t\t\t\t\t\tdata-color=\"#e9666e\"\n\t\t\t\t\t\t\t\tdata-rsp_ch=\"on\"\n\t\t\t\t\t\t\t\tdata-xy=\"x:c;y:b;yo:176px,176px,123px,125px;\"\n\t\t\t\t\t\t\t\tdata-text=\"w:normal;s:26,26,18,16;l:25,25,17,17;a:center;\"\n\t\t\t\t\t\t\t\tdata-dim=\"w:90%;\"\n\t\t\t\t\t\t\t\tdata-frame_999=\"o:0;st:w;\"\n\t\t\t\t\t\t\t\tstyle=\"z-index:10;font-family:'Delius';\"\n\t\t\t\t\t\t\t>Kokolores \n\t\t\t\t\t\t\t<\/rs-layer><!--\n\n\t\t\t\t\t\t\t--><rs-layer\n\t\t\t\t\t\t\t\tid=\"slider-1-slide-16-layer-2\" \n\t\t\t\t\t\t\t\tdata-type=\"text\"\n\t\t\t\t\t\t\t\tdata-rsp_ch=\"on\"\n\t\t\t\t\t\t\t\tdata-xy=\"x:c;y:b;yo:45px,45px,31px,31px;\"\n\t\t\t\t\t\t\t\tdata-text=\"w:normal;s:14,14,9,10;l:22,22,15,15;a:center;\"\n\t\t\t\t\t\t\t\tdata-dim=\"w:300px,300px,210px,90%;h:101px,101px,70px,70px;\"\n\t\t\t\t\t\t\t\tdata-frame_999=\"o:0;st:w;\"\n\t\t\t\t\t\t\t\tstyle=\"z-index:11;font-family:'Delius';\"\n\t\t\t\t\t\t\t>12 brandneue Lieder von Bernd Kohlhepp und J\u00fcrgen Treyz. \n\t\t\t\t\t\t\t<\/rs-layer><!--\n\n\t\t\t\t\t\t\t--><a id=\"slider-1-slide-16-layer-5\" class=\"rs-layer rev-btn\" href=\"https:\/\/shop.walthertreyz.com\/produkt\/bernd-kohlhepp-juergen-treyz-kokolores\/?origin=kohlhepptreyz\" target=\"_self\" data-type=\"button\" data-rsp_ch=\"on\" data-xy=\"x:c;y:b;yo:14px,14px,9px,9px;\" data-text=\"w:normal;s:12,12,8,8;l:20,20,14,14;\" data-dim=\"minh:0px,0px,none,none;\" data-padding=\"r:25,25,18,18;l:25,25,18,18;\" data-border=\"bor:25px,25px,25px,25px;\" data-frame_999=\"o:0;st:w;\" data-frame_hover=\"bgc:#5993ff;bor:25px,25px,25px,25px;bri:120%;\" style=\"z-index:13;background-color:#e9666e;font-family:&#039;Delius&#039;;\" rel=\"noopener\">mehr dazu... \n\t\t\t\t\t\t\t<\/a><!--\n-->\t\t\t\t\t\t<\/rs-slide>\n\t\t\t\t\t\t<rs-slide style=\"position: absolute;\" data-key=\"rs-17\" data-title=\"atkt\" data-anim=\"adpr:false;\" data-in=\"o:0;\" data-out=\"a:false;\">\n\t\t\t\t\t\t\t<img decoding=\"async\" src=\"\/\/kohlheppundtreyz.de\/wp-content\/plugins\/revslider\/public\/assets\/assets\/dummy.png\" alt=\"atkt\" title=\"Startseite\" class=\"rev-slidebg tp-rs-img rs-lazyload\" data-lazyload=\"\/\/kohlheppundtreyz.de\/wp-content\/plugins\/revslider\/public\/assets\/assets\/transparent.png\" data-bg=\"c:#000000;\" data-no-retina>\n<!--\n\t\t\t\t\t\t\t--><rs-layer\n\t\t\t\t\t\t\t\tid=\"slider-1-slide-17-layer-0\" \n\t\t\t\t\t\t\t\tdata-type=\"image\"\n\t\t\t\t\t\t\t\tdata-rsp_ch=\"on\"\n\t\t\t\t\t\t\t\tdata-xy=\"x:c;\"\n\t\t\t\t\t\t\t\tdata-text=\"w:normal;s:20,20,14,14;l:0,0,17,17;\"\n\t\t\t\t\t\t\t\tdata-dim=\"w:['100%','100%','100%','100%'];\"\n\t\t\t\t\t\t\t\tdata-frame_999=\"o:0;st:w;\"\n\t\t\t\t\t\t\t\tstyle=\"z-index:8;\"\n\t\t\t\t\t\t\t><img decoding=\"async\" src=\"\/\/kohlheppundtreyz.de\/wp-content\/plugins\/revslider\/public\/assets\/assets\/dummy.png\" alt=\"\" class=\"tp-rs-img rs-lazyload\" width=\"400\" height=\"400\" data-lazyload=\"\/\/kohlheppundtreyz.de\/wp-content\/uploads\/sites\/13\/2022\/05\/Cover_IGBM_final_400.jpg\" data-no-retina> \n\t\t\t\t\t\t\t<\/rs-layer><!--\n\n\t\t\t\t\t\t\t--><rs-layer\n\t\t\t\t\t\t\t\tid=\"slider-1-slide-17-layer-1\" \n\t\t\t\t\t\t\t\tdata-type=\"text\"\n\t\t\t\t\t\t\t\tdata-color=\"#e9666e\"\n\t\t\t\t\t\t\t\tdata-rsp_ch=\"on\"\n\t\t\t\t\t\t\t\tdata-xy=\"x:c;y:b;yo:176px,176px,123px,123px;\"\n\t\t\t\t\t\t\t\tdata-text=\"w:normal;s:26,26,18,16;l:25,25,17,17;a:center;\"\n\t\t\t\t\t\t\t\tdata-dim=\"w:90%;\"\n\t\t\t\t\t\t\t\tdata-frame_999=\"o:0;st:w;\"\n\t\t\t\t\t\t\t\tstyle=\"z-index:10;font-family:'Delius';\"\n\t\t\t\t\t\t\t>Im gro\u00dfen blauen Meer \n\t\t\t\t\t\t\t<\/rs-layer><!--\n\n\t\t\t\t\t\t\t--><rs-layer\n\t\t\t\t\t\t\t\tid=\"slider-1-slide-17-layer-2\" \n\t\t\t\t\t\t\t\tdata-type=\"text\"\n\t\t\t\t\t\t\t\tdata-rsp_ch=\"on\"\n\t\t\t\t\t\t\t\tdata-xy=\"x:c;y:b;yo:61px,61px,42px,42px;\"\n\t\t\t\t\t\t\t\tdata-text=\"w:normal;s:14,14,9,10;l:22,22,15,15;a:center;\"\n\t\t\t\t\t\t\t\tdata-dim=\"w:300px,300px,210px,90%;h:78px,78px,54px,54px;\"\n\t\t\t\t\t\t\t\tdata-frame_999=\"o:0;st:w;\"\n\t\t\t\t\t\t\t\tstyle=\"z-index:11;font-family:'Delius';\"\n\t\t\t\t\t\t\t>Hier sind sie alle bei einander, unsere Lieblingslieder, die wir f\u00fcr euch ausgesucht haben. \n\t\t\t\t\t\t\t<\/rs-layer><!--\n\n\t\t\t\t\t\t\t--><a id=\"slider-1-slide-17-layer-5\" class=\"rs-layer rev-btn\" href=\"https:\/\/shop.walthertreyz.com\/produkt\/bernd-kohlhepp-juergen-treyz-im-grossen-blauen-meer\/?origin=kohlhepptreyz\" target=\"_self\" data-type=\"button\" data-rsp_ch=\"on\" data-xy=\"x:c;y:b;yo:15px,15px,10px,10px;\" data-text=\"w:normal;s:12,12,8,8;l:20,20,14,14;\" data-dim=\"minh:0px,0px,none,none;\" data-padding=\"r:25,25,18,18;l:25,25,18,18;\" data-border=\"bor:25px,25px,25px,25px;\" data-frame_999=\"o:0;st:w;\" data-frame_hover=\"bgc:#5993ff;bor:25px,25px,25px,25px;bri:120%;\" style=\"z-index:13;background-color:#e9666e;font-family:&#039;Delius&#039;;\" rel=\"noopener\">mehr dazu... \n\t\t\t\t\t\t\t<\/a><!--\n-->\t\t\t\t\t\t<\/rs-slide>\n\t\t\t\t\t<\/rs-slides>\n\t\t\t\t<\/rs-module>\n\t\t\t\t<script>\n\t\t\t\t\tsetREVStartSize({c: 'rev_slider_1_2',rl:[1240,1240,778,480],el:[620,620,430,430],gw:[400,400,280,280],gh:[620,620,430,430],type:'carousel',justify:'',layout:'fullwidth',mh:\"0\"});if (window.RS_MODULES!==undefined && window.RS_MODULES.modules!==undefined && window.RS_MODULES.modules[\"revslider12\"]!==undefined) {window.RS_MODULES.modules[\"revslider12\"].once = false;window.revapi1 = undefined;if (window.RS_MODULES.checkMinimal!==undefined) window.RS_MODULES.checkMinimal()}\n\t\t\t\t<\/script>\n\t\t\t<\/rs-module-wrap>\n\t\t\t<!-- END REVOLUTION SLIDER -->\n<\/div><\/div><\/div><\/div><\/div><\/p>\n","protected":false},"excerpt":{"rendered":"","protected":false},"author":1,"featured_media":0,"parent":0,"menu_order":0,"comment_status":"closed","ping_status":"closed","template":"100-width.php","meta":{"footnotes":""},"class_list":["post-2","page","type-page","status-publish","hentry"],"_links":{"self":[{"href":"https:\/\/kohlheppundtreyz.de\/de\/wp-json\/wp\/v2\/pages\/2","targetHints":{"allow":["GET"]}}],"collection":[{"href":"https:\/\/kohlheppundtreyz.de\/de\/wp-json\/wp\/v2\/pages"}],"about":[{"href":"https:\/\/kohlheppundtreyz.de\/de\/wp-json\/wp\/v2\/types\/page"}],"author":[{"embeddable":true,"href":"https:\/\/kohlheppundtreyz.de\/de\/wp-json\/wp\/v2\/users\/1"}],"replies":[{"embeddable":true,"href":"https:\/\/kohlheppundtreyz.de\/de\/wp-json\/wp\/v2\/comments?post=2"}],"version-history":[{"count":47,"href":"https:\/\/kohlheppundtreyz.de\/de\/wp-json\/wp\/v2\/pages\/2\/revisions"}],"predecessor-version":[{"id":614,"href":"https:\/\/kohlheppundtreyz.de\/de\/wp-json\/wp\/v2\/pages\/2\/revisions\/614"}],"wp:attachment":[{"href":"https:\/\/kohlheppundtreyz.de\/de\/wp-json\/wp\/v2\/media?parent=2"}],"curies":[{"name":"wp","href":"https:\/\/api.w.org\/{rel}","templated":true}]}}